{"id":3,"date":"2022-07-23T22:06:51","date_gmt":"2022-07-23T22:06:51","guid":{"rendered":"https:\/\/www.ampaiesvilamajor.cat\/?page_id=3"},"modified":"2024-10-08T17:57:39","modified_gmt":"2024-10-08T15:57:39","slug":"privacy-policy","status":"publish","type":"page","link":"https:\/\/www.ampaiesvilamajor.cat\/index.php\/privacy-policy\/","title":{"rendered":"Privacy Policy"},"content":{"rendered":"<style>\/*! elementor - v3.7.1 - 14-08-2022 *\/<br \/>\n.elementor-heading-title{padding:0;margin:0;line-height:1}.elementor-widget-heading .elementor-heading-title[class*=elementor-size-]>a{color:inherit;font-size:inherit;line-height:inherit}.elementor-widget-heading .elementor-heading-title.elementor-size-small{font-size:15px}.elementor-widget-heading .elementor-heading-title.elementor-size-medium{font-size:19px}.elementor-widget-heading .elementor-heading-title.elementor-size-large{font-size:29px}.elementor-widget-heading .elementor-heading-title.elementor-size-xl{font-size:39px}.elementor-widget-heading .elementor-heading-title.elementor-size-xxl{font-size:59px}<\/style>\n<h2>POLITICA DE PRIVACITAT DE L\u2019AMPA IES VILAMAJOR<\/h2>\n<p>PROTECCI\u00d3 DE DADES DE CAR\u00c0CTER PERSONAL: En compliment del\u00a0nou Reglament (UE) 2016\/679, de 27 d\u2019abril (GDPR) i la Llei Org\u00e0nica 3\/2018,de 5 de desembre (LOPDGDD), modificada per la Llei Org\u00e0nica 7\/2021, de 26\u00a0de maig, t&#8217;informem del seg\u00fcent:<\/p>\n<p>El responsable de les dades facilitades lliurement \u00e9s l&#8217;Associaci\u00f3 AMPA IES\u00a0VILAMAJOR, amb NIF n\u00ba G64280399 i seu a 08458-SANT PERE DE\u00a0VILAMAJOR (Barcelona), carrer de Can Llobera s\/n.<\/p>\n<p>En nom de l&#8217;organitzaci\u00f3 tractem la informaci\u00f3 que ens facilites \u00fanica i\u00a0exclusivament per les activitats relacionades amb l\u2019Ampa. Aix\u00ed, la finalitat\u00a0d\u2019aquest fitxer \u00e9s facilitar la gesti\u00f3 i comunicaci\u00f3 amb les fam\u00edlies que s\u00f3n\u00a0s\u00f2cies de l\u2019entitat, informant dels serveis, les activitats i esdeveniments que\u00a0s\u2019organitzen des de l\u2019associaci\u00f3 o en les quals hi participi, autoritzant\u00a0expressament rebre informaci\u00f3 per correu electr\u00f2nic aix\u00ed com via WhatsApp.<\/p>\n<p>Les dades proporcionades es conservaran mentre es mantingui la relaci\u00f3 o\u00a0durant els anys necessaris per complir amb les obligacions legals. Les dades no\u00a0se cediran a tercers excepte en els casos en qu\u00e8 hi hagi una obligaci\u00f3 legal.<\/p>\n<p>Pots exercir el teu dret d\u2019acc\u00e9s a les teves dades personals, rectificar-les,\u00a0suprimir-les, oposar-te al seu tractament i sol\u00b7licitar-ne la limitaci\u00f3, sense que\u00a0aix\u00f2 afecti a la licitud del tractament previ a la revocaci\u00f3, drets que pots exercir\u00a0mitjan\u00e7ant escrit adre\u00e7at a l\u2019AMPA IES VILAMAJOR o b\u00e9 al correu electr\u00f2nic\u00a0ampa@insvilamajor.cat.<\/p>\n","protected":false},"excerpt":{"rendered":"<p>POLITICA DE PRIVACITAT DE L\u2019AMPA IES VILAMAJOR PROTECCI\u00d3 DE DADES DE CAR\u00c0CTER PERSONAL: En compliment del\u00a0nou Reglament (UE) 2016\/679, de 27 d\u2019abril (GDPR) i la Llei Org\u00e0nica 3\/2018,de 5 de desembre (LOPDGDD), modificada per la Llei Org\u00e0nica 7\/2021, de 26\u00a0de maig, t&#8217;informem del seg\u00fcent: El responsable de les dades facilitades lliurement \u00e9s l&#8217;Associaci\u00f3 AMPA IES\u00a0VILAMAJOR, &hellip; <\/p>\n<p class=\"link-more\"><a href=\"https:\/\/www.ampaiesvilamajor.cat\/index.php\/privacy-policy\/\" class=\"more-link\">Continue reading<span class=\"screen-reader-text\"> &#8220;Privacy Policy&#8221;<\/span><\/a><\/p>\n","protected":false},"author":1,"featured_media":0,"parent":0,"menu_order":0,"comment_status":"closed","ping_status":"open","template":"","meta":{"footnotes":""},"class_list":["post-3","page","type-page","status-publish","hentry"],"_links":{"self":[{"href":"https:\/\/www.ampaiesvilamajor.cat\/index.php\/wp-json\/wp\/v2\/pages\/3","targetHints":{"allow":["GET"]}}],"collection":[{"href":"https:\/\/www.ampaiesvilamajor.cat\/index.php\/wp-json\/wp\/v2\/pages"}],"about":[{"href":"https:\/\/www.ampaiesvilamajor.cat\/index.php\/wp-json\/wp\/v2\/types\/page"}],"author":[{"embeddable":true,"href":"https:\/\/www.ampaiesvilamajor.cat\/index.php\/wp-json\/wp\/v2\/users\/1"}],"replies":[{"embeddable":true,"href":"https:\/\/www.ampaiesvilamajor.cat\/index.php\/wp-json\/wp\/v2\/comments?post=3"}],"version-history":[{"count":13,"href":"https:\/\/www.ampaiesvilamajor.cat\/index.php\/wp-json\/wp\/v2\/pages\/3\/revisions"}],"predecessor-version":[{"id":1111,"href":"https:\/\/www.ampaiesvilamajor.cat\/index.php\/wp-json\/wp\/v2\/pages\/3\/revisions\/1111"}],"wp:attachment":[{"href":"https:\/\/www.ampaiesvilamajor.cat\/index.php\/wp-json\/wp\/v2\/media?parent=3"}],"curies":[{"name":"wp","href":"https:\/\/api.w.org\/{rel}","templated":true}]}}