{"id":1120,"date":"2024-10-08T18:03:38","date_gmt":"2024-10-08T16:03:38","guid":{"rendered":"https:\/\/www.ampaiesvilamajor.cat\/?page_id=1120"},"modified":"2025-09-22T18:24:17","modified_gmt":"2025-09-22T17:24:17","slug":"tauler-danuncis","status":"publish","type":"page","link":"https:\/\/www.ampaiesvilamajor.cat\/index.php\/tauler-danuncis\/","title":{"rendered":"Tauler d&#8217;anuncis"},"content":{"rendered":"\n<p>Aquest \u00e9s un espai de contacte entre les fam\u00edlies sobre aspectes d\u2019inter\u00e8s. Aviat podreu penjar-hi anuncis sobre:<\/p>\n\n\n\n<ul class=\"wp-block-list\">\n<li><strong>Classes particulars<\/strong>. L\u2019alumnat que realitzi classes particulars pot donar-ho a con\u00e8ixer a les fam\u00edlies que puguin necessitar refor\u00e7 escolar.<\/li>\n\n\n\n<li><strong>Cessi\u00f3\/venda de llibres i material escolar<\/strong>. Les fam\u00edlies que vulguin cedir o vendre els llibres de cursos anteriors podran fer-ne difusi\u00f3.<\/li>\n\n\n\n<li><strong>Treballs de recerca<\/strong>. Per l\u2019alumnat que necessiti col\u00b7laboraci\u00f3 en l\u2019elaboraci\u00f3 dels treballs de recerca, especialment en la difusi\u00f3 de les enquestes.<\/li>\n<\/ul>\n\n\n\n<pre class=\"wp-block-verse\"><strong>Llibre \"Tecnologia i enginyeria\" 1r Batxillerat<\/strong><br>Preu: 39 euros<br>Contacte: Bibiana Azorin 696 67 33 79<\/pre>\n\n\n\n<hr class=\"wp-block-separator has-alpha-channel-opacity\"\/>\n\n\n\n<p><\/p>\n","protected":false},"excerpt":{"rendered":"<p>Aquest \u00e9s un espai de contacte entre les fam\u00edlies sobre aspectes d\u2019inter\u00e8s. Aviat podreu penjar-hi anuncis sobre: Llibre &#8220;Tecnologia i enginyeria&#8221; 1r BatxilleratPreu: 39 eurosContacte: Bibiana Azorin 696 67 33 79<\/p>\n","protected":false},"author":1,"featured_media":0,"parent":0,"menu_order":0,"comment_status":"closed","ping_status":"closed","template":"","meta":{"footnotes":""},"class_list":["post-1120","page","type-page","status-publish","hentry"],"_links":{"self":[{"href":"https:\/\/www.ampaiesvilamajor.cat\/index.php\/wp-json\/wp\/v2\/pages\/1120","targetHints":{"allow":["GET"]}}],"collection":[{"href":"https:\/\/www.ampaiesvilamajor.cat\/index.php\/wp-json\/wp\/v2\/pages"}],"about":[{"href":"https:\/\/www.ampaiesvilamajor.cat\/index.php\/wp-json\/wp\/v2\/types\/page"}],"author":[{"embeddable":true,"href":"https:\/\/www.ampaiesvilamajor.cat\/index.php\/wp-json\/wp\/v2\/users\/1"}],"replies":[{"embeddable":true,"href":"https:\/\/www.ampaiesvilamajor.cat\/index.php\/wp-json\/wp\/v2\/comments?post=1120"}],"version-history":[{"count":17,"href":"https:\/\/www.ampaiesvilamajor.cat\/index.php\/wp-json\/wp\/v2\/pages\/1120\/revisions"}],"predecessor-version":[{"id":1236,"href":"https:\/\/www.ampaiesvilamajor.cat\/index.php\/wp-json\/wp\/v2\/pages\/1120\/revisions\/1236"}],"wp:attachment":[{"href":"https:\/\/www.ampaiesvilamajor.cat\/index.php\/wp-json\/wp\/v2\/media?parent=1120"}],"curies":[{"name":"wp","href":"https:\/\/api.w.org\/{rel}","templated":true}]}}