{"id":1117,"date":"2024-10-08T18:03:38","date_gmt":"2024-10-08T16:03:38","guid":{"rendered":"https:\/\/www.ampaiesvilamajor.cat\/?page_id=1117"},"modified":"2025-09-22T19:02:17","modified_gmt":"2025-09-22T18:02:17","slug":"que-fem","status":"publish","type":"page","link":"https:\/\/www.ampaiesvilamajor.cat\/index.php\/que-fem\/","title":{"rendered":"Qu\u00e8 fem?"},"content":{"rendered":"\n<p>L\u2019AMPA organitza o dona suport a aquelles iniciatives que contribueixen a millorar la qualitat educativa de l\u2019Institut Vilamajor, a trav\u00e9s de les quotes de les fam\u00edlies membres i de les subvencions que ens concedeixen els Ajuntaments de Sant Antoni i Sant Pere de Vilamajor.<\/p>\n\n\n\n<p>Les principals activitats s\u00f3n:<\/p>\n\n\n<p>\n\n\n<\/p>\n<ol class=\"wp-block-list\" start=\"1\">\n\n<li>Auxiliar de conversa en angl\u00e8s.<\/li>\n\n<\/ol>\n<p>\n\n\n\n<\/p>\n<p style=\"padding-left: 40px;\">Financem la contractaci\u00f3 d\u2019una persona nativa que realitza classes de conversa en tots els cursos, des de primer d\u2019ESO a segon de Batxillerat, per tal d\u2019ajudar a millorar la comprensi\u00f3 i la parla.<\/p>\n<p>\n\n\n\n<\/p>\n<ol class=\"wp-block-list\" start=\"2\">\n\n<li>Reunions mensuals amb l\u2019equip directiu de l\u2019Institut.<\/li>\n\n<\/ol>\n<p>\n\n\n\n<\/p>\n<p style=\"padding-left: 40px;\">La Junta de l\u2019AMPA i l\u2019equip directiu de l\u2019Institut ens reunim mensualment per tractar els temes d\u2019inter\u00e8s que afecten al funcionament del centre.<\/p>\n<p>\n\n\n\n<\/p>\n<ol class=\"wp-block-list\" start=\"3\">\n\n<li>Inversions per a la millora de l\u2019Institut.<\/li>\n\n<\/ol>\n<p>\n\n\n\n<\/p>\n<p style=\"padding-left: 40px;\">L\u2019AMPA finan\u00e7a algunes de les inversions necess\u00e0ries per a la millora de l\u2019Institut, a partir de les peticions que ens trasllada la direcci\u00f3 del centre. El curs 2024-25 vam equipar adequadament el laboratori de ci\u00e8ncies.<\/p>\n<p>\n\n\n\n<\/p>\n<ol class=\"wp-block-list\" start=\"4\">\n\n<li>Reunions peri\u00f2diques amb els ajuntaments.<\/li>\n\n<\/ol>\n<p>\n\n\n\n<\/p>\n<p style=\"padding-left: 40px;\">La Junta de l\u2019AMPA es reuneix peri\u00f2dicament amb l\u2019equip directiu i els Ajuntaments de Sant Antoni i Sant Pere de Vilamajor per traslladar-los les necessitats del centre educatiu, coordinar les pol\u00edtiques educatives que incideixen en el nostre Institut i gestionar les subvencions que ambd\u00f3s ajuntaments ens atorguen anualment.<\/p>\n<p>\n\n\n\n<\/p>\n<ol class=\"wp-block-list\" start=\"5\">\n\n<li>Activitats culturals.<\/li>\n\n<\/ol>\n<p>\n\n\n\n<\/p>\n<p style=\"padding-left: 40px;\">L\u2019AMPA col\u00b7labora en l\u2019organitzaci\u00f3 i el finan\u00e7ament de les principals activitats culturals que s\u2019organitzen al llarg del curs:\n\n\n\n<\/p>\n<ul class=\"wp-block-list\">\n<li style=\"list-style-type: none;\">\n<ul>\n<li style=\"list-style-type: none;\">\n<ul>\n<li>Nadal.<\/li>\n<li>Carnestoltes.<\/li>\n<li>Graduacions de 4t ESO i 2n Batxillerat.<\/li>\n<li>Festa anual.<\/li>\n<li>Marat\u00f3 de TV3.<\/li>\n<\/ul>\n<\/li>\n<\/ul>\n<\/li>\n<\/ul>\n<ul class=\"wp-block-list\">\n\n<\/ul>\n<p>\n\n\n\n<\/p>\n<ol class=\"wp-block-list\" start=\"6\">\n\n<li>Activitats educatives<\/li>\n\n<\/ol>\n<p>\n\n\n\n<\/p>\n<p style=\"padding-left: 40px;\">Al llarg del curs, l\u2019AMPA organitza conjuntament amb les AMPA de les escoles Joan Casas i Torre Roja, un conjunt de xerrades sobre temes d\u2019inter\u00e8s en l\u2019educaci\u00f3 dels nostres fills i filles.<\/p>\n<p>\n\n\n\n<\/p>\n<p style=\"padding-left: 40px;\">Aix\u00ed mateix, contribu\u00efm al finan\u00e7ament d\u2019alguns projectes educatius de l\u2019Institut, com la publicaci\u00f3 d\u2019un llibre escrit pel propi alumnat de 4t d\u2019ESO.<\/p>\n<p>\n\n\n\n<\/p>\n<ol class=\"wp-block-list\" start=\"7\">\n\n<li>Tauler d\u2019anuncis<\/li>\n\n<\/ol>\n<p>\n\n\n\n<\/p>\n<p style=\"padding-left: 40px;\">Al web trobareu un espai de contacte entre les fam\u00edlies per contribuir a fer-ne difusi\u00f3 d\u2019anuncis dels temes seg\u00fcents:<\/p>\n<ul>\n<li style=\"list-style-type: none;\">\n<ul>\n<li style=\"list-style-type: none;\">\n<ul>\n<li>Classes particulars. L\u2019alumnat que realitzi classes particulars pot donar-ho a con\u00e8ixer a les fam\u00edlies que puguin necessitar refor\u00e7 escolar.<\/li>\n<li>Cessi\u00f3\/venda de llibres i material escolar. Les fam\u00edlies que vulguin cedir o vendre els llibres de cursos anteriors podran fer-ne difusi\u00f3.<\/li>\n<li>Treballs de recerca. Per l\u2019alumnat que necessiti col\u00b7laboraci\u00f3 en l\u2019elaboraci\u00f3 dels treballs de recerca, especialment en la difusi\u00f3 de les enquestes.<\/li>\n<\/ul>\n<\/li>\n<\/ul>\n<\/li>\n<\/ul>\n<p>\n\n\n\n<\/p>\n<p style=\"padding-left: 40px;\">Si voleu penjar-hi un anunci, ens heu de fer arribar un correu a <a href=\"mailto:ampa@insvilamajor.cat\">ampa@insvilamajor.cat<\/a> amb la informaci\u00f3 del que voleu publicar i les dades de contacte. Despr\u00e9s de revisar que el contingut de l\u2019anunci \u00e9s correcte, us comunicarem la seva publicaci\u00f3.<\/p>\n<p>\n\n\n\n<\/p>\n<ol class=\"wp-block-list\" start=\"8\">\n\n<li>Representaci\u00f3 al Consell Escolar, la Comissi\u00f3 de Conviv\u00e8ncia i a la Comissi\u00f3 de Garanties d\u2019Admissi\u00f3<\/li>\n\n<\/ol>\n<p>\n\n\n\n<\/p>\n<p style=\"padding-left: 40px;\">L\u2019AMPA participa activament en el seguiment de l\u2019activitat de l\u2019Institut a trav\u00e9s d\u2019un representant al Consell Escolar, a la Comissi\u00f3 de Conviv\u00e8ncia i a la Comissi\u00f3 de Garanties d\u2019Admissi\u00f3.<\/p>\n<p>\n\n\n\n<\/p>\n<ol class=\"wp-block-list\" start=\"9\">\n\n<li>Comunicaci\u00f3<\/li>\n\n<\/ol>\n<p>\n\n\n\n<\/p>\n<p style=\"padding-left: 40px;\">A trav\u00e9s del whatsapp, us enviarem les informacions que poden ser d\u2019inter\u00e8s per a les fam\u00edlies. Per poder rebre els missatges, heu de gravar el n\u00famero de l\u2019AMPA (644 93 89 00) a l\u2019agenda del vostre m\u00f2bil.<\/p>\n<p>\n\n\n\n<\/p>\n<p style=\"padding-left: 40px;\">Tamb\u00e9 podeu seguir-nos al nostre compte d\u2019Instagram @ampaiesvilamajor<\/p>\n<p>\n\n\n\n<\/p>\n<ol class=\"wp-block-list\" start=\"10\">\n\n<li>Membres de l\u2019AFFAC<\/li>\n\n<\/ol>\n<p>\n\n\n\n<\/p>\n<p style=\"padding-left: 40px;\">Som membres de les Associacions Federades de Fam\u00edlies d\u2019Alumnes de Catalunya que ens ofereix un conjunt de serveis per donar-nos suport en la gesti\u00f3 de l\u2019AMPA.<\/p>\n<p>\n\n\n<\/p>\n\n\n<p>Per\u00f2 principalment <strong>som els representants de les fam\u00edlies i vetllem pel bon funcionament del centre<\/strong>. No dubteu a fer-nos arribar qualsevol dubte, preocupaci\u00f3 o suggeriment. Podeu fer-ho a trav\u00e9s del nostre correu <a href=\"mailto:ampa@insvilamajor.cat\">ampa@insvilamajor.cat<\/a> o del whatsapp 644 93 89 00. Intentarem donar-vos resposta al m\u00e9s aviat possible.<\/p>\n\n\n\n<p><\/p>\n","protected":false},"excerpt":{"rendered":"<p>L\u2019AMPA organitza o dona suport a aquelles iniciatives que contribueixen a millorar la qualitat educativa de l\u2019Institut Vilamajor, a trav\u00e9s de les quotes de les fam\u00edlies membres i de les subvencions que ens concedeixen els Ajuntaments de Sant Antoni i Sant Pere de Vilamajor. Les principals activitats s\u00f3n: Financem la contractaci\u00f3 d\u2019una persona nativa que &hellip; <\/p>\n<p class=\"link-more\"><a href=\"https:\/\/www.ampaiesvilamajor.cat\/index.php\/que-fem\/\" class=\"more-link\">Continue reading<span class=\"screen-reader-text\"> &#8220;Qu\u00e8 fem?&#8221;<\/span><\/a><\/p>\n","protected":false},"author":1,"featured_media":0,"parent":0,"menu_order":0,"comment_status":"closed","ping_status":"closed","template":"","meta":{"footnotes":""},"class_list":["post-1117","page","type-page","status-publish","hentry"],"_links":{"self":[{"href":"https:\/\/www.ampaiesvilamajor.cat\/index.php\/wp-json\/wp\/v2\/pages\/1117","targetHints":{"allow":["GET"]}}],"collection":[{"href":"https:\/\/www.ampaiesvilamajor.cat\/index.php\/wp-json\/wp\/v2\/pages"}],"about":[{"href":"https:\/\/www.ampaiesvilamajor.cat\/index.php\/wp-json\/wp\/v2\/types\/page"}],"author":[{"embeddable":true,"href":"https:\/\/www.ampaiesvilamajor.cat\/index.php\/wp-json\/wp\/v2\/users\/1"}],"replies":[{"embeddable":true,"href":"https:\/\/www.ampaiesvilamajor.cat\/index.php\/wp-json\/wp\/v2\/comments?post=1117"}],"version-history":[{"count":5,"href":"https:\/\/www.ampaiesvilamajor.cat\/index.php\/wp-json\/wp\/v2\/pages\/1117\/revisions"}],"predecessor-version":[{"id":1250,"href":"https:\/\/www.ampaiesvilamajor.cat\/index.php\/wp-json\/wp\/v2\/pages\/1117\/revisions\/1250"}],"wp:attachment":[{"href":"https:\/\/www.ampaiesvilamajor.cat\/index.php\/wp-json\/wp\/v2\/media?parent=1117"}],"curies":[{"name":"wp","href":"https:\/\/api.w.org\/{rel}","templated":true}]}}